{"id":22162,"date":"2026-03-27T08:35:25","date_gmt":"2026-03-27T07:35:25","guid":{"rendered":"https:\/\/hope-construction.com\/?page_id=22162"},"modified":"2026-03-27T08:58:11","modified_gmt":"2026-03-27T07:58:11","slug":"abrisse-in-lodz","status":"publish","type":"page","link":"https:\/\/hope-construction.com\/de\/dienstleistungen\/abrisse-in-lodz\/","title":{"rendered":"Abrisse \u0141\u00f3dzkie"},"content":{"rendered":"<p>Ihre Investition in Lodz erfordert die sichere und pr\u00e4zise Beseitigung der alten Infrastruktur? <strong>Umfassende Abbrucharbeiten \u0141\u00f3d\u017a ist unsere Spezialit\u00e4t<\/strong> - Wir f\u00fchren Projekte vom Konzept \u00fcber die Einholung von Genehmigungen bis hin zum \u00f6kologischen Management der Materialien nach dem Abbruch durch. Mit unserer langj\u00e4hrigen Erfahrung im industriellen Abbruch gew\u00e4hrleisten wir die volle Kontrolle \u00fcber jede Phase des Prozesses und eliminieren das Risiko einer St\u00f6rung der benachbarten Infrastruktur. Kontaktieren Sie uns, um herauszufinden, wie wir Ihre Investition unterst\u00fctzen k\u00f6nnen.<\/p>\n\n\n\n<div class=\"cta-box\">\n  <div class=\"cta-inner\">\n\n    <div class=\"cta-title\">\n      Ben\u00f6tigen Sie ein Angebot oder eine Beratung?\n    <\/div>\n\n    <div class=\"cta-desc\">\n      Nehmen Sie Kontakt mit uns auf - wir antworten schnell und konkret.\n    <\/div>\n\n    <div class=\"cta-buttons\">\n      <a href=\"tel:665215655\" class=\"cta-btn cta-btn-phone\">\n        \ud83d\udcde Anrufen: 665 215 655\n      <\/a>\n\n      <a href=\"mailto:biuro@hope-construction.com\" class=\"cta-btn cta-btn-mail\">\n        \u2709\ufe0f E-Mail schreiben\n      <\/a>\n    <\/div>\n\n  <\/div>\n<\/div>\n\n\n\n<h2 class=\"wp-block-heading\" style=\"font-size:24px;\"><strong>Abbrucharbeiten in Lodz - Sicherheit und Pr\u00e4zision bei jedem Projekt<\/strong><\/h2>\n\n\n\n<p>Veraltete Industrieanlagen, stillgelegte Schornsteine und Produktionshallen sind eine Herausforderung f\u00fcr Investoren und Manager, die f\u00fcr die Modernisierung von Anlagen in der Region \u0141\u00f3d\u017a verantwortlich sind. <strong>Das Hauptproblem ist nicht der Abriss selbst, sondern die kontrollierte Durchf\u00fchrung - ohne Unfallrisiko, ohne St\u00f6rung aktiver Anlagen und unter vollst\u00e4ndiger Einhaltung der Gesundheits- und Sicherheitsvorschriften sowie der Umweltstandards.<\/strong><\/p>\n\n\n\n<p>Der Abriss in \u0141\u00f3d\u017a erfordert eine besondere Vorgehensweise bei Anlagen, die sich in der N\u00e4he von betrieblichen Produktionsst\u00e4tten oder in dicht bebauten Industriegebieten befinden. Eine genaue Planung der einzelnen Arbeitsschritte erm\u00f6glicht es, Produktionsausf\u00e4lle zu minimieren und die Infrastruktur zu sch\u00fctzen, die intakt bleiben soll. Diese Kontrolle \u00fcber den Prozess gibt den Investoren die Sicherheit, dass der Standort rechtzeitig und ohne Komplikationen f\u00fcr neue Projekte vorbereitet wird. <a href=\"\/de\/dienstleistung\/renovierung\/\">Industrielle Sanierungen<\/a> und professionelle Abbrucharbeiten \u0141\u00f3d\u017a ist eine Garantie f\u00fcr die sichere Ausf\u00fchrung auch der schwierigsten Projekte.<\/p>\n\n\n\n<h2 class=\"wp-block-heading\" style=\"font-size:24px;\"><strong>Was sind unsere Abbrucharbeiten Lodz<\/strong><\/h2>\n\n\n\n<p>Hope Group Sp. z o.o. bietet umfassende Abbruchdienstleistungen in \u0141\u00f3d\u017a und Umgebung an, die das gesamte Spektrum der Dienstleistungen abdecken - von der Strukturanalyse und Abbruchplanung \u00fcber die Einholung der erforderlichen beh\u00f6rdlichen Genehmigungen bis hin zum physischen Abbruch und der \u00f6kologischen Entsorgung der Materialien nach dem Abbruch. <a href=\"\/de\/dienstleistung\/abriss\/\">Kontrollierter Abriss<\/a> Industriebauten, einschlie\u00dflich Industrieschornsteine, Hoch\u00f6fen, Produktionshallen und s\u00e4mtliche Stahl- und Stahlbetonkonstruktionen sind unsere Spezialit\u00e4t.<\/p>\n\n\n\n<p>Wir f\u00fchren Abbrucharbeiten in \u0141\u00f3d\u017a und Umgebung durch, sowohl f\u00fcr stillgelegte Anlagen als auch f\u00fcr solche, die in unmittelbarer N\u00e4he aktiver Anlagen abgebaut werden m\u00fcssen. Wir behandeln jedes Projekt auf individueller Basis - wir w\u00e4hlen die Abbruchmethode entsprechend den Besonderheiten der Anlage, den Standortbedingungen und den Anforderungen des Investors. Unsere Dienstleistungen richten sich an Industrieunternehmen, Staatsbetriebe, Raffinerien, Kraftwerke, Stahlwerke und alle Einrichtungen, die eine Modernisierung oder Revitalisierung der Infrastruktur in der Region \u0141\u00f3d\u017a planen.<\/p>\n\n\n\n<h2 class=\"wp-block-heading\" style=\"font-size:24px;\"><strong>Technische M\u00f6glichkeiten und Vorteile unserer Abbrucharbeiten in Lodz<\/strong><\/h2>\n\n\n\n<p>Der hochmoderne Ansatz bei den Abbrucharbeiten kombiniert fortschrittliche technische Methoden mit strengen Sicherheitskontrollen, was f\u00fcr jeden Investor in der Region Lodz sp\u00fcrbare Vorteile mit sich bringt.<\/p>\n\n\n\n<p><strong>Wir f\u00fchren den Abriss von Schornsteinen in Lodz mit voller Kontrolle \u00fcber die Fallrichtung und den Sicherheitsbereich durch.<\/strong>, mit Hilfe von Berechnungstechniken, die an die H\u00f6he und Konstruktion des Geb\u00e4udes angepasst sind. Jedem Abbruch eines Schornsteins geht eine detaillierte Festigkeitsanalyse und die Entwicklung eines individuellen Abbruchkonzepts voraus, wodurch das Risiko eines unkontrollierten Einsturzes der Struktur ausgeschlossen wird.<\/p>\n\n\n\n<p><strong>Wir f\u00fchren den R\u00fcckbau von Stahl- und Stahlbetonkonstruktionen mit Methoden durch, die minimale Auswirkungen auf die Umgebung garantieren.<\/strong>, was besonders bei Arbeiten in aktiven Industrieanlagen wichtig ist. Wir verwenden sowohl mechanische Techniken als auch spezielle Schneidverfahren, die je nach Art des Objekts und den Anforderungen des Projekts ausgew\u00e4hlt werden. <a href=\"\/de\/dienstleistung\/entwurf\/\">Kontrollierte Abrisse<\/a> durchgef\u00fchrt werden kann, ohne dass die Produktion in den angrenzenden Teilen des Werks vollst\u00e4ndig zum Erliegen kommt.<\/p>\n\n\n\n<p><strong>Umfassende administrative und gestalterische Unterst\u00fctzung verk\u00fcrzt die Projektdurchf\u00fchrungszeit<\/strong> - Wir \u00fcbernehmen die Verantwortung f\u00fcr die Einholung von Genehmigungen, die Zusammenstellung der technischen Dokumentation und die Einhaltung der Umwelt-, Gesundheits- und Sicherheitsvorschriften. Der Investor erh\u00e4lt einen umfassenden Service, ohne eigene Ressourcen in die Verwaltungsverfahren einzubringen.<\/p>\n\n\n\n<p><strong>Umweltvertr\u00e4gliches Management von Abbruchmaterialien<\/strong> ist ein integraler Bestandteil jedes Projekts. Schutt, Stahl, Beton und andere Materialien werden getrennt und dem Recycling oder der Entsorgung gem\u00e4\u00df den geltenden Normen zugef\u00fchrt, wodurch die negativen Auswirkungen auf die Umwelt verringert und die Deponiekosten f\u00fcr den Bauherrn gesenkt werden.<\/p>\n\n\n\n<p>Wir f\u00fchren alle Abbrucharbeiten in und um \u0141\u00f3d\u017a nach den h\u00f6chsten technischen Standards durch, wobei die Vermeidung von Unf\u00e4llen der Eckpfeiler unserer Sicherheitskultur ist.<\/p>\n\n\n\n<h2 class=\"wp-block-heading\" style=\"font-size:24px;\"><strong>Wer nutzt unsere Abbruchdienste in \u0141\u00f3d\u017a<\/strong><\/h2>\n\n\n\n<p>Die Region \u0141\u00f3d\u017a ist ein Gebiet mit einer starken industriellen Tradition, in dem der Bedarf an Modernisierung und Wiederbelebung der Infrastruktur besonders offensichtlich ist. Unsere Abbrucharbeiten in und um \u0141\u00f3d\u017a richten sich an eine vielf\u00e4ltige Gruppe von Kunden, f\u00fcr die Sicherheit und Pr\u00e4zision von gr\u00f6\u00dfter Bedeutung sind.<\/p>\n\n\n\n<p><strong>Industrieanlagen und Hersteller<\/strong> nehmen unsere Dienste in Anspruch, wenn es darum geht, veraltete Anlagen - Schornsteine, \u00d6fen, Tanks oder Hallen - im Zuge einer laufenden Modernisierung zu entfernen. F\u00fcr diese Gruppe ist es von entscheidender Bedeutung, dass die Arbeiten ohne St\u00f6rung der laufenden Produktion durchgef\u00fchrt werden, was wir durch eine pr\u00e4zise Zeitplanung und kontrollierte Abbruchmethoden sicherstellen.<\/p>\n\n\n\n<p><strong>Staatliche Unternehmen, Kraftwerke und Raffinerien<\/strong> suchen einen Partner, der in der Lage ist, anspruchsvolle Abbruchprojekte in risikoreichen Umgebungen durchzuf\u00fchren. <a href=\"\/de\/dienstleistungen\/\">Abbrucharbeiten<\/a> unter solchen Bedingungen erfordern ein rigoroses Sicherheitskonzept. Dank unserer Erfahrung in der Arbeit an aktiven Energie- und Chemieanlagen sind wir in der Lage, die strengen Sicherheitsanforderungen in diesen Sektoren zu erf\u00fcllen.<\/p>\n\n\n\n<p><strong>Investoren und Entwickler<\/strong> Wer in \u0141\u00f3d\u017a die Revitalisierung von Industriebrachen plant, braucht einen umfassenden Auftragnehmer, der das Gel\u00e4nde f\u00fcr eine neue Entwicklung vorbereitet - vom Abriss bis zur Schuttentsorgung und Abfallentsorgung. Wir bieten eine umfassende Palette von Dienstleistungen an, so dass nicht mehrere Subunternehmer beauftragt werden m\u00fcssen.<\/p>\n\n\n\n<p><strong>Stahlwerke und H\u00fcttenwerke<\/strong> Der R\u00fcckbau gro\u00dfer Stahl- und Stahlbetonkonstruktionen erfordert spezielles Fachwissen. Unser Team von Ingenieuren hat Erfahrung mit dieser Art von Projekten und gew\u00e4hrleistet, dass die Arbeiten sicher und effizient durchgef\u00fchrt werden.<\/p>\n\n\n\n<h2 class=\"wp-block-heading\" style=\"font-size:24px;\"><strong>Erfahrung und Standards, die Vertrauen in Abbrucharbeiten schaffen<\/strong><\/h2>\n\n\n\n<p>Die Wahl eines Abbruchunternehmens ist eine Entscheidung, die sich direkt auf die Sicherheit der Arbeiter, die Kontinuit\u00e4t des Betriebs und den Erfolg des gesamten Projekts auswirkt. Es ist daher unerl\u00e4sslich, ein Unternehmen mit nachgewiesener Erfahrung und \u00fcberpr\u00fcfbaren Leistungsstandards mit diesem Projekt zu betrauen.<\/p>\n\n\n\n<p>Unser Unternehmen f\u00fchrt Abbruchprojekte auf globaler Ebene durch, was bedeutet, dass wir \u00fcber die n\u00f6tige Erfahrung verf\u00fcgen, um in \u00dcbereinstimmung mit verschiedenen Rechtssystemen und technischen Sicherheitsstandards zu arbeiten. Jedes Projekt wird von einem Team aus qualifizierten Ingenieuren, Bauleitern und H\u00f6henspezialisten geleitet, die technisches Wissen mit praktischer Erfahrung aus komplexen Industrieabbr\u00fcchen verbinden. Als erfahrenes <a href=\"\/de\/\">Abbruchunternehmen<\/a> Wir f\u00fchren Abbrucharbeiten in und um die Region \u0141\u00f3d\u017a mit gleicher Pr\u00e4zision und Engagement durch.<\/p>\n\n\n\n<p>Die Grundlage unserer T\u00e4tigkeit ist die vollst\u00e4ndige Einhaltung von Gesundheits-, Sicherheits- und Umweltstandards - dies ist nicht nur eine formale Anforderung, sondern ein tats\u00e4chlicher Standard, den wir bei jedem Projekt anwenden. Investoren, die uns mit ihren Abbrucharbeiten in der Woiwodschaft \u0141\u00f3dzkie beauftragen, k\u00f6nnen sich auf einen Partner verlassen, f\u00fcr den Sicherheit nicht nur ein Punkt in der Dokumentation ist, sondern ein \u00fcbergeordneter Wert.<\/p>\n\n\n\n<h2 class=\"wp-block-heading\" style=\"font-size:24px;\"><strong>Wie Abbrucharbeiten in \u0141\u00f3d\u017a durchgef\u00fchrt werden<\/strong><\/h2>\n\n\n\n<p>Ein transparenter und gut geplanter Kooperationsprozess verk\u00fcrzt die Projektdauer und gibt dem Investor die volle Kontrolle \u00fcber jede Phase des Abbruchs. Hier sehen Sie, wie unsere Zusammenarbeit aussieht:<\/p>\n\n\n\n<ol class=\"wp-block-list\">\n<li><strong>Analyse und Bewertung<\/strong> - Nach Eingang des Antrags f\u00fchren wir eine detaillierte Analyse des Standorts durch, bewerten die Gegebenheiten vor Ort und erstellen ein individuelles Projektangebot.<\/li>\n\n\n\n<li><strong>Entwurf des Abbruchs<\/strong> - Unser Ingenieurteam erstellt einen Abbruchplan, der die Arbeitsmethode, den Zeitplan, die Sicherheitszonen und den Plan f\u00fcr das Materialmanagement umfasst.<\/li>\n\n\n\n<li><strong>Einholung von Genehmigungen<\/strong> - Wir bieten einen umfassenden Verwaltungsservice, einschlie\u00dflich der Einholung aller erforderlichen Genehmigungen und Vereinbarungen.<\/li>\n\n\n\n<li><strong>Durchf\u00fchrung von Abrissarbeiten<\/strong> - Wir f\u00fchren die Abbrucharbeiten gem\u00e4\u00df der genehmigten Planung und unter st\u00e4ndiger Aufsicht des Bauleiters und der Fachleute f\u00fcr Sicherheit und Gesundheitsschutz durch.<\/li>\n\n\n\n<li><strong>Verwaltung der Materialien und Abnahme der Baustelle<\/strong> - Nach Abschluss der Abbrucharbeiten sortieren und entsorgen wir die Abf\u00e4lle und \u00fcbergeben die Baustelle an den Auftraggeber, der sie f\u00fcr weitere Arbeiten nutzen kann.<\/li>\n<\/ol>\n\n\n\n<h2 class=\"wp-block-heading\" style=\"font-size:24px;\"><strong>Planen Sie Ihren Abbruch in Lodz mit einem zuverl\u00e4ssigen Partner<\/strong><\/h2>\n\n\n\n<p>Wenn Sie Abbrucharbeiten in oder um Lodz planen und einen Auftragnehmer suchen, der technische Pr\u00e4zision mit h\u00f6chsten Sicherheitsstandards verbindet, <strong>Jetzt Kontakt aufnehmen<\/strong>. Jede Investition beginnt mit einem Gespr\u00e4ch - schildern Sie uns Ihr Projekt und unser Team wird Ihnen eine ma\u00dfgeschneiderte Analyse und einen Umsetzungsvorschlag unterbreiten. Z\u00f6gern Sie nicht - je fr\u00fcher Sie mit der Planung beginnen, desto reibungsloser wird der gesamte Abbruchprozess ablaufen.<\/p>\n\n\n\n<p><strong>Nehmen Sie Kontakt mit uns auf und bereiten Sie Ihren Standort auf neue M\u00f6glichkeiten vor.<\/strong><\/p>\n\n\n\n\n<div class=\"cta-box\">\n  <div class=\"cta-inner\">\n\n    <div class=\"cta-title\">\n      Ben\u00f6tigen Sie ein Angebot oder eine Beratung?\n    <\/div>\n\n    <div class=\"cta-desc\">\n      Nehmen Sie Kontakt mit uns auf - wir antworten schnell und konkret.\n    <\/div>\n\n    <div class=\"cta-buttons\">\n      <a href=\"tel:665215655\" class=\"cta-btn cta-btn-phone\">\n        \ud83d\udcde Anrufen: 665 215 655\n      <\/a>\n\n      <a href=\"mailto:biuro@hope-construction.com\" class=\"cta-btn cta-btn-mail\">\n        \u2709\ufe0f E-Mail schreiben\n      <\/a>\n    <\/div>\n\n  <\/div>\n<\/div>\n\n\n\n\n<p><\/p>","protected":false},"excerpt":{"rendered":"<p>Ihre Investition in \u0141\u00f3d\u017a erfordert die sichere und pr\u00e4zise Beseitigung alter Infrastruktur? Umfassende Abbrucharbeiten in \u0141\u00f3d\u017a sind unsere Spezialit\u00e4t - wir f\u00fchren Projekte von der Konzeption bis zur Einholung von Genehmigungen und \u00f6kologischen...<\/p>","protected":false},"author":3,"featured_media":0,"parent":19457,"menu_order":0,"comment_status":"closed","ping_status":"closed","template":"","meta":{"footnotes":""},"class_list":["post-22162","page","type-page","status-publish","hentry"],"yoast_head":"<!-- This site is optimized with the Yoast SEO plugin v26.8 - https:\/\/yoast.com\/product\/yoast-seo-wordpress\/ -->\n<title>Wyburzenia \u0141\u00f3dzkie | Profesjonalne Rozwi\u0105zania Na Terenie Polski i Europy - Hope Group<\/title>\n<meta name=\"description\" content=\"Hope Group \u27a4 Wyburzenia \u0141\u00f3dzkie \u2b50 Bezpiecznie, wykonywane przez do\u015bwiadczonych specjalist\u00f3w \u2714\ufe0f Sprawd\u017a nasz\u0105 ofert\u0119 i uzyskaj wycen\u0119 ju\u017c dzi\u015b! Zapraszamy!\" \/>\n<meta name=\"robots\" content=\"index, follow, max-snippet:-1, max-image-preview:large, max-video-preview:-1\" \/>\n<link rel=\"canonical\" href=\"https:\/\/hope-construction.com\/de\/dienstleistungen\/abrisse-in-lodz\/\" \/>\n<meta property=\"og:locale\" content=\"de_DE\" \/>\n<meta property=\"og:type\" content=\"article\" \/>\n<meta property=\"og:title\" content=\"Wyburzenia \u0141\u00f3dzkie | Profesjonalne Rozwi\u0105zania Na Terenie Polski i Europy - Hope Group\" \/>\n<meta property=\"og:description\" content=\"Hope Group \u27a4 Wyburzenia \u0141\u00f3dzkie \u2b50 Bezpiecznie, wykonywane przez do\u015bwiadczonych specjalist\u00f3w \u2714\ufe0f Sprawd\u017a nasz\u0105 ofert\u0119 i uzyskaj wycen\u0119 ju\u017c dzi\u015b! Zapraszamy!\" \/>\n<meta property=\"og:url\" content=\"https:\/\/hope-construction.com\/de\/dienstleistungen\/abrisse-in-lodz\/\" \/>\n<meta property=\"og:site_name\" content=\"Hope Group\" \/>\n<meta property=\"article:modified_time\" content=\"2026-03-27T07:58:11+00:00\" \/>\n<meta name=\"twitter:card\" content=\"summary_large_image\" \/>\n<meta name=\"twitter:label1\" content=\"Gesch\u00e4tzte Lesezeit\" \/>\n\t<meta name=\"twitter:data1\" content=\"7\u00a0Minuten\" \/>\n<script type=\"application\/ld+json\" class=\"yoast-schema-graph\">{\"@context\":\"https:\/\/schema.org\",\"@graph\":[{\"@type\":\"WebPage\",\"@id\":\"https:\/\/hope-construction.com\/uslugi\/wyburzenia-lodzkie\/\",\"url\":\"https:\/\/hope-construction.com\/uslugi\/wyburzenia-lodzkie\/\",\"name\":\"Wyburzenia \u0141\u00f3dzkie | Profesjonalne Rozwi\u0105zania Na Terenie Polski i Europy - Hope Group\",\"isPartOf\":{\"@id\":\"https:\/\/hope-construction.com\/#website\"},\"datePublished\":\"2026-03-27T07:35:25+00:00\",\"dateModified\":\"2026-03-27T07:58:11+00:00\",\"description\":\"Hope Group \u27a4 Wyburzenia \u0141\u00f3dzkie \u2b50 Bezpiecznie, wykonywane przez do\u015bwiadczonych specjalist\u00f3w \u2714\ufe0f Sprawd\u017a nasz\u0105 ofert\u0119 i uzyskaj wycen\u0119 ju\u017c dzi\u015b! Zapraszamy!\",\"breadcrumb\":{\"@id\":\"https:\/\/hope-construction.com\/uslugi\/wyburzenia-lodzkie\/#breadcrumb\"},\"inLanguage\":\"de\",\"potentialAction\":[{\"@type\":\"ReadAction\",\"target\":[\"https:\/\/hope-construction.com\/uslugi\/wyburzenia-lodzkie\/\"]}]},{\"@type\":\"BreadcrumbList\",\"@id\":\"https:\/\/hope-construction.com\/uslugi\/wyburzenia-lodzkie\/#breadcrumb\",\"itemListElement\":[{\"@type\":\"ListItem\",\"position\":1,\"name\":\"Strona g\u0142\u00f3wna\",\"item\":\"https:\/\/hope-construction.com\/\"},{\"@type\":\"ListItem\",\"position\":2,\"name\":\"Us\u0142ugi\",\"item\":\"https:\/\/hope-construction.com\/uslugi\/\"},{\"@type\":\"ListItem\",\"position\":3,\"name\":\"Wyburzenia \u0141\u00f3dzkie\"}]},{\"@type\":\"WebSite\",\"@id\":\"https:\/\/hope-construction.com\/#website\",\"url\":\"https:\/\/hope-construction.com\/\",\"name\":\"Hope Group\",\"description\":\"Rozbi\u00f3rka i renowacja komin\u00f3w przemys\u0142owych oraz piec\u00f3w hutniczych.\",\"publisher\":{\"@id\":\"https:\/\/hope-construction.com\/#organization\"},\"alternateName\":\"Hope Construction\",\"potentialAction\":[{\"@type\":\"SearchAction\",\"target\":{\"@type\":\"EntryPoint\",\"urlTemplate\":\"https:\/\/hope-construction.com\/?s={search_term_string}\"},\"query-input\":{\"@type\":\"PropertyValueSpecification\",\"valueRequired\":true,\"valueName\":\"search_term_string\"}}],\"inLanguage\":\"de\"},{\"@type\":\"Organization\",\"@id\":\"https:\/\/hope-construction.com\/#organization\",\"name\":\"Hope Group\",\"alternateName\":\"Hope Construction\",\"url\":\"https:\/\/hope-construction.com\/\",\"logo\":{\"@type\":\"ImageObject\",\"inLanguage\":\"de\",\"@id\":\"https:\/\/hope-construction.com\/#\/schema\/logo\/image\/\",\"url\":\"https:\/\/hope-construction.com\/wp-content\/uploads\/2025\/11\/hope-group.png\",\"contentUrl\":\"https:\/\/hope-construction.com\/wp-content\/uploads\/2025\/11\/hope-group.png\",\"width\":500,\"height\":260,\"caption\":\"Hope Group\"},\"image\":{\"@id\":\"https:\/\/hope-construction.com\/#\/schema\/logo\/image\/\"}}]}<\/script>\n<!-- \/ Yoast SEO plugin. -->","yoast_head_json":{"title":"Abbrucharbeiten in Lodz | Professionelle L\u00f6sungen in Polen und Europa - Hope Group","description":"Hope Group \u27a4 Abbrucharbeiten \u0141\u00f3dzkie \u2b50 Sicher, von erfahrenen Fachleuten ausgef\u00fchrt \u2714\ufe0f Pr\u00fcfen Sie unser Angebot und holen Sie sich noch heute ein Angebot ein! Wir hei\u00dfen Sie willkommen!","robots":{"index":"index","follow":"follow","max-snippet":"max-snippet:-1","max-image-preview":"max-image-preview:large","max-video-preview":"max-video-preview:-1"},"canonical":"https:\/\/hope-construction.com\/de\/dienstleistungen\/abrisse-in-lodz\/","og_locale":"de_DE","og_type":"article","og_title":"Wyburzenia \u0141\u00f3dzkie | Profesjonalne Rozwi\u0105zania Na Terenie Polski i Europy - Hope Group","og_description":"Hope Group \u27a4 Wyburzenia \u0141\u00f3dzkie \u2b50 Bezpiecznie, wykonywane przez do\u015bwiadczonych specjalist\u00f3w \u2714\ufe0f Sprawd\u017a nasz\u0105 ofert\u0119 i uzyskaj wycen\u0119 ju\u017c dzi\u015b! Zapraszamy!","og_url":"https:\/\/hope-construction.com\/de\/dienstleistungen\/abrisse-in-lodz\/","og_site_name":"Hope Group","article_modified_time":"2026-03-27T07:58:11+00:00","twitter_card":"summary_large_image","twitter_misc":{"Gesch\u00e4tzte Lesezeit":"7\u00a0Minuten"},"schema":{"@context":"https:\/\/schema.org","@graph":[{"@type":"WebPage","@id":"https:\/\/hope-construction.com\/uslugi\/wyburzenia-lodzkie\/","url":"https:\/\/hope-construction.com\/uslugi\/wyburzenia-lodzkie\/","name":"Abbrucharbeiten in Lodz | Professionelle L\u00f6sungen in Polen und Europa - Hope Group","isPartOf":{"@id":"https:\/\/hope-construction.com\/#website"},"datePublished":"2026-03-27T07:35:25+00:00","dateModified":"2026-03-27T07:58:11+00:00","description":"Hope Group \u27a4 Abbrucharbeiten \u0141\u00f3dzkie \u2b50 Sicher, von erfahrenen Fachleuten ausgef\u00fchrt \u2714\ufe0f Pr\u00fcfen Sie unser Angebot und holen Sie sich noch heute ein Angebot ein! Wir hei\u00dfen Sie willkommen!","breadcrumb":{"@id":"https:\/\/hope-construction.com\/uslugi\/wyburzenia-lodzkie\/#breadcrumb"},"inLanguage":"de","potentialAction":[{"@type":"ReadAction","target":["https:\/\/hope-construction.com\/uslugi\/wyburzenia-lodzkie\/"]}]},{"@type":"BreadcrumbList","@id":"https:\/\/hope-construction.com\/uslugi\/wyburzenia-lodzkie\/#breadcrumb","itemListElement":[{"@type":"ListItem","position":1,"name":"Strona g\u0142\u00f3wna","item":"https:\/\/hope-construction.com\/"},{"@type":"ListItem","position":2,"name":"Us\u0142ugi","item":"https:\/\/hope-construction.com\/uslugi\/"},{"@type":"ListItem","position":3,"name":"Wyburzenia \u0141\u00f3dzkie"}]},{"@type":"WebSite","@id":"https:\/\/hope-construction.com\/#website","url":"https:\/\/hope-construction.com\/","name":"Gruppe Hoffnung","description":"Abriss und Renovierung von Industrieschornsteinen und Hoch\u00f6fen.","publisher":{"@id":"https:\/\/hope-construction.com\/#organization"},"alternateName":"Hope Construction","potentialAction":[{"@type":"SearchAction","target":{"@type":"EntryPoint","urlTemplate":"https:\/\/hope-construction.com\/?s={search_term_string}"},"query-input":{"@type":"PropertyValueSpecification","valueRequired":true,"valueName":"search_term_string"}}],"inLanguage":"de"},{"@type":"Organization","@id":"https:\/\/hope-construction.com\/#organization","name":"Gruppe Hoffnung","alternateName":"Hope Construction","url":"https:\/\/hope-construction.com\/","logo":{"@type":"ImageObject","inLanguage":"de","@id":"https:\/\/hope-construction.com\/#\/schema\/logo\/image\/","url":"https:\/\/hope-construction.com\/wp-content\/uploads\/2025\/11\/hope-group.png","contentUrl":"https:\/\/hope-construction.com\/wp-content\/uploads\/2025\/11\/hope-group.png","width":500,"height":260,"caption":"Hope Group"},"image":{"@id":"https:\/\/hope-construction.com\/#\/schema\/logo\/image\/"}}]}},"_links":{"self":[{"href":"https:\/\/hope-construction.com\/de\/wp-json\/wp\/v2\/pages\/22162","targetHints":{"allow":["GET"]}}],"collection":[{"href":"https:\/\/hope-construction.com\/de\/wp-json\/wp\/v2\/pages"}],"about":[{"href":"https:\/\/hope-construction.com\/de\/wp-json\/wp\/v2\/types\/page"}],"author":[{"embeddable":true,"href":"https:\/\/hope-construction.com\/de\/wp-json\/wp\/v2\/users\/3"}],"replies":[{"embeddable":true,"href":"https:\/\/hope-construction.com\/de\/wp-json\/wp\/v2\/comments?post=22162"}],"version-history":[{"count":7,"href":"https:\/\/hope-construction.com\/de\/wp-json\/wp\/v2\/pages\/22162\/revisions"}],"predecessor-version":[{"id":22183,"href":"https:\/\/hope-construction.com\/de\/wp-json\/wp\/v2\/pages\/22162\/revisions\/22183"}],"up":[{"embeddable":true,"href":"https:\/\/hope-construction.com\/de\/wp-json\/wp\/v2\/pages\/19457"}],"wp:attachment":[{"href":"https:\/\/hope-construction.com\/de\/wp-json\/wp\/v2\/media?parent=22162"}],"curies":[{"name":"wp","href":"https:\/\/api.w.org\/{rel}","templated":true}]}}