{"id":22155,"date":"2026-03-27T08:26:44","date_gmt":"2026-03-27T07:26:44","guid":{"rendered":"https:\/\/hope-construction.com\/?page_id=22155"},"modified":"2026-03-27T08:59:16","modified_gmt":"2026-03-27T07:59:16","slug":"abrisse-kujawsko-pomorskie","status":"publish","type":"page","link":"https:\/\/hope-construction.com\/de\/dienstleistungen\/abrisse-kujawsko-pomorskie\/","title":{"rendered":"Abrisse Kujawsko-Pomorskie"},"content":{"rendered":"<p>Professionelle Abbrucharbeiten, die mit technischer Pr\u00e4zision und absoluter Sicherheit durchgef\u00fchrt werden. Unsere Abbrucharbeiten in Kujawien-Pommern garantieren h\u00f6chste Servicequalit\u00e4t und einen umfassenden Ansatz f\u00fcr jedes Abbruchprojekt in der Region.<\/p>\n\n\n\n<h2 class=\"wp-block-heading\"><strong>Umfassende Abbruchl\u00f6sungen f\u00fcr die Industrie - Abbruch kujawsko-pomorskie<\/strong><\/h2>\n\n\n\n<p><strong>Abbrucharbeiten in der Region Kujawien-Pommern erfordern einen Partner, der technisches Know-how mit h\u00f6chsten Sicherheitsstandards verbindet.<\/strong> - und das ist genau das, was Sie bekommen, wenn Sie mit unserem Team zusammenarbeiten. Wir f\u00fchren Abbruchprojekte von der technischen Detailplanung bis hin zur vollst\u00e4ndigen Vorbereitung des Gel\u00e4ndes f\u00fcr die sp\u00e4tere Bebauung durch. Dabei gehen wir individuell auf Ihr Projekt ein und ber\u00fccksichtigen die Besonderheiten des Standorts, die Umgebungsbedingungen und die betrieblichen Anforderungen Ihrer Anlage. F\u00fcr uns ist Abbruch nicht nur die Beseitigung von Bauwerken, sondern ein pr\u00e4zise gesteuerter Prozess, der den Weg f\u00fcr neue M\u00f6glichkeiten ebnet.<\/p>\n\n\n\n<p><strong>Kontaktieren Sie uns f\u00fcr eine kostenlose technische Beratung.<\/strong><\/p>\n\n\n\n<div class=\"cta-box\">\n  <div class=\"cta-inner\">\n\n    <div class=\"cta-title\">\n      Ben\u00f6tigen Sie ein Angebot oder eine Beratung?\n    <\/div>\n\n    <div class=\"cta-desc\">\n      Nehmen Sie Kontakt mit uns auf - wir antworten schnell und konkret.\n    <\/div>\n\n    <div class=\"cta-buttons\">\n      <a href=\"tel:665215655\" class=\"cta-btn cta-btn-phone\">\n        \ud83d\udcde Anrufen: 665 215 655\n      <\/a>\n\n      <a href=\"mailto:biuro@hope-construction.com\" class=\"cta-btn cta-btn-mail\">\n        \u2709\ufe0f E-Mail schreiben\n      <\/a>\n    <\/div>\n\n  <\/div>\n<\/div>\n\n\n\n<h2 class=\"wp-block-heading\"><strong>Industrieller Abbruch kujawsko-pomorskie, der Risiken und Ausfallzeiten minimiert<\/strong><\/h2>\n\n\n\n<p>Jeder Abriss in der Woiwodschaft Kujawien-Pommern bringt seine eigenen Herausforderungen mit sich - von der Komplexit\u00e4t des Standorts selbst \u00fcber die N\u00e4he aktiver Anlagen bis hin zur Notwendigkeit, die Kontinuit\u00e4t der Produktion zu wahren. <strong>Unsere Abbrucharbeiten sind so konzipiert, dass die Auswirkungen auf den Betrieb Ihres Standorts so gering wie m\u00f6glich gehalten werden<\/strong>, Das bedeutet echte Einsparungen und keine unn\u00f6tigen Betriebsausf\u00e4lle.<\/p>\n\n\n\n<p>Wir wissen, dass bei Industrieanlagen, Kraftwerken oder Stahlwerken die Sicherheit der Mitarbeiter und der benachbarten Anlagen absolute Priorit\u00e4t hat. Deshalb stellen wir jedem Projekt eine detaillierte technische Analyse, eine Risikobewertung und die Entwicklung eines Abbruchplans voran, der an die spezifischen \u00f6rtlichen und technischen Bedingungen angepasst ist. <strong>Die Null-Unfall-Quote, die wir bei allen von uns durchgef\u00fchrten Projekten aufrechterhalten, ist der beste Beweis f\u00fcr die Wirksamkeit unseres Ansatzes.<\/strong><\/p>\n\n\n\n<p>W\u00e4hlen Sie <a href=\"\/de\/dienstleistung\/abriss\/\">Professioneller Abriss<\/a>, Wenn Sie sich f\u00fcr einen Abbruch entscheiden, haben Sie die Gewissheit, dass der gesamte Prozess - von der ersten Planungsphase bis zur Abfallentsorgung - in \u00dcbereinstimmung mit den geltenden Gesundheits- und Sicherheitsstandards und den Bauvorschriften durchgef\u00fchrt wird. Das ist die Gewissheit, die Sie f\u00fcr jedes Abbruchprojekt brauchen.<\/p>\n\n\n\n<h2 class=\"wp-block-heading\"><strong>Spezialisierte Abbrucharbeiten in der Region Kujawsko-Pomorskie<\/strong><\/h2>\n\n\n\n<p>Hope Group Sp. z o.o. ist ein <a href=\"\/de\/\">Abbruchunternehmen<\/a> spezialisiert auf umfassende Abbruchdienstleistungen f\u00fcr den Industriesektor. Wir bieten <a href=\"\/de\/dienstleistung\/entwurf\/\">kontrollierte Abrisse<\/a> Industrieanlagen, Abbruch von Industrieschornsteinen, Demontage von Hoch\u00f6fen und R\u00fcckbau von Turmkonstruktionen. Wir sind in der Woiwodschaft Kujawien-Pommern t\u00e4tig und betreuen sowohl lokale Produktionsanlagen als auch gro\u00dfe Infrastrukturinvestitionen, die moderne technische Einrichtungen erfordern.<\/p>\n\n\n\n<p>Unser <a href=\"\/de\/dienstleistungen\/\">Abbrucharbeiten<\/a> decken das gesamte Spektrum der Arbeiten ab - von der Erstellung der Planungsunterlagen und der technischen Analyse \u00fcber den kontrollierten Abriss oder die Demontage bis hin zur \u00f6kologischen Bewirtschaftung der Abf\u00e4lle nach dem Abriss und der Vorbereitung des Gel\u00e4ndes f\u00fcr eine neue Entwicklung. Wir passen unsere Technologie und Arbeitsmethodik an die Besonderheiten des jeweiligen Standorts an, so dass wir auch die anspruchsvollsten Projekte in schwierigem Gel\u00e4nde und unter schwierigen Betriebsbedingungen durchf\u00fchren k\u00f6nnen.<\/p>\n\n\n\n<h2 class=\"wp-block-heading\"><strong>Technische Pr\u00e4zision des Abbruchs kujawsko-pomorskie, dass in echte Vorteile \u00fcbersetzt<\/strong><\/h2>\n\n\n\n<p>Fortschrittliche Technik und technisches Know-how sind die Grundlage f\u00fcr jeden Abbruch in der Region Kujawien-Pommern. Im Folgenden finden Sie die wichtigsten technischen Vorteile, durch die sich unsere Abbrucharbeiten von denen der Konkurrenz unterscheiden.<\/p>\n\n\n\n<p><strong>Durch eine sorgf\u00e4ltige technische Planung werden unvorhergesehene Kosten und Verz\u00f6gerungen vermieden.<\/strong> Jedem Abrissprojekt geht eine detaillierte Analyse der Struktur, eine Bewertung des technischen Zustands des Geb\u00e4udes und die Erstellung eines Arbeitsplans voraus. Auf diese Weise k\u00f6nnen Sie das Budget und die Fristen f\u00fcr die nachfolgenden Investitionsphasen genau planen, ohne dass es zu unerwarteten Komplikationen kommt.<\/p>\n\n\n\n<p><strong>Moderne Abbruchtechnologien erm\u00f6glichen die Durchf\u00fchrung von Projekten in unmittelbarer N\u00e4he aktiver Anlagen.<\/strong> Wir verwenden kontrollierte Abbruchmethoden, die es uns erm\u00f6glichen, den Einsturz von Bauwerken auch auf engstem Raum pr\u00e4zise zu steuern. Dies ist besonders wichtig f\u00fcr Industrieanlagen, bei denen die parallele Produktion nicht gestoppt werden kann.<\/p>\n\n\n\n<p><strong>Die vollst\u00e4ndige Einhaltung von Gesundheits-, Sicherheits- und Umweltvorschriften sch\u00fctzt Sie vor rechtlichen und finanziellen Risiken.<\/strong> Alle unsere Abbrucharbeiten in Kujawien-Pommern werden gem\u00e4\u00df den geltenden gesetzlichen Bestimmungen durchgef\u00fchrt, wodurch das Risiko von Verwaltungsstrafen und Haftungsanspr\u00fcchen aufgrund von unsachgem\u00e4\u00df durchgef\u00fchrten Abbrucharbeiten ausgeschlossen wird.<\/p>\n\n\n\n<p><strong>Die \u00f6kologische Bewirtschaftung von Abbruchabf\u00e4llen senkt die Entsorgungskosten und steht im Einklang mit der Nachhaltigkeitspolitik Ihres Unternehmens.<\/strong> Wir trennen, verarbeiten und entsorgen Abbruchmaterialien in \u00dcbereinstimmung mit den Umweltvorschriften und f\u00fchren sie, wenn m\u00f6glich, der Wiederverwendung oder dem Recycling zu.<\/p>\n\n\n\n<p>Durch die Kombination all dieser Elemente bieten wir einen umfassenden Service f\u00fcr den Abbruchprozess, der es Ihnen erm\u00f6glicht, sich auf die Planung der n\u00e4chsten Phasen Ihres Projekts zu konzentrieren, anstatt die Risiken des Abbruchs zu verwalten.<\/p>\n\n\n\n<h2 class=\"wp-block-heading\"><strong>Wem sind unsere Abrissarbeiten in Kujawien-Pommern gewidmet?<\/strong><\/h2>\n\n\n\n<p>Unsere Abbrucharbeiten richten sich an ein breites Spektrum von Kunden aus dem Industrie- und Infrastrukturbereich, die in der Region Kujawien-Pommern t\u00e4tig sind.<\/p>\n\n\n\n<p><strong>Industrie- und Produktionsanlagen<\/strong> sind h\u00e4ufig mit der Notwendigkeit konfrontiert, ihre Infrastruktur zu modernisieren oder zu erweitern, was den Abriss veralteter Anlagen bei gleichzeitiger Aufrechterhaltung der Produktion erfordert. <a href=\"\/de\/dienstleistung\/renovierung\/\">Industrielle Sanierungen<\/a> und Modernisierungen erfordern einen Partner mit Erfahrung in dieser Art von Projekten. Wir bieten flexible Arbeitspl\u00e4ne und Abbruchmethoden, die die Betriebsunterbrechung auf ein Minimum reduzieren, damit Ihre Anlage ohne unn\u00f6tige Ausfallzeiten arbeiten kann.<\/p>\n\n\n\n<p><strong>Kraftwerke, Raffinerien und Stahlwerke<\/strong> ben\u00f6tigen einen Partner mit Erfahrung im R\u00fcckbau gro\u00dfer Industrieanlagen - Schornsteine, Hoch\u00f6fen, K\u00fchlt\u00fcrme oder Prozessanlagen. Unsere fortschrittliche Technologie und unsere langj\u00e4hrige Erfahrung mit dieser Art von Projekten garantieren eine sichere und pr\u00e4zise Ausf\u00fchrung selbst der komplexesten Abbrucharbeiten.<\/p>\n\n\n\n<p><strong>Investoren und Entwickler<\/strong> Diejenigen, die in der Woiwodschaft Kujawien-Pommern Projekte auf ehemaligen Industriegel\u00e4nden durchf\u00fchren, erwarten eine umfassende Vorbereitung des Gel\u00e4ndes f\u00fcr eine neue Investition. Wir bieten eine breite Palette von Dienstleistungen an - vom Abriss bis zur Sanierung des Gel\u00e4ndes - damit Sie effizient in die n\u00e4chste Phase Ihres Projekts einsteigen k\u00f6nnen.<\/p>\n\n\n\n<p><strong>Staatliche Unternehmen und lokale Beh\u00f6rden<\/strong> die technische Infrastrukturen verwalten, brauchen einen Partner, der sicherstellt, dass die Arbeiten in \u00dcbereinstimmung mit den strengen gesetzlichen Anforderungen und den \u00f6ffentlichen Vergabeverfahren durchgef\u00fchrt werden. Unsere technische Dokumentation und unsere Erfahrung bei der Abwicklung institutioneller Projekte machen uns zu einem zuverl\u00e4ssigen Auftragnehmer f\u00fcr dieses Kundensegment.<\/p>\n\n\n\n<h2 class=\"wp-block-heading\"><strong>Erfahrung und Sicherheit bewiesen durch Abbruchprojekte kujawsko-pomorskie<\/strong><\/h2>\n\n\n\n<p>Das Vertrauen anspruchsvoller Industriekunden haben wir uns durch jahrelange konsequente und kompromisslose Arbeit erworben. Unsere Abbrucharbeiten in Kujawien-Pommern werden von einem Team aus erfahrenen Ingenieuren und Abbruchspezialisten durchgef\u00fchrt, die technisches Wissen mit praktischer Erfahrung aus nationalen und internationalen Projekten verbinden.<\/p>\n\n\n\n<p><strong>Keine Unfallquote<\/strong> ist das Ergebnis eines strengen Sicherheitsmanagementsystems, das detaillierte Gesundheits- und Sicherheitsverfahren, regelm\u00e4\u00dfige Mitarbeiterschulungen und eine st\u00e4ndige technische \u00dcberwachung aller Arbeitsschritte umfasst. F\u00fcr uns ist Sicherheit keine Formalit\u00e4t - sie ist der Eckpfeiler unserer Arbeitsmethodik.<\/p>\n\n\n\n<p>Unsere internationale Erfahrung bedeutet, dass wir Abbruchprojekte unter verschiedenen \u00f6kologischen, regulatorischen und technischen Bedingungen durchgef\u00fchrt haben, was es uns erm\u00f6glicht, die anspruchsvollsten Aufgaben auf dem Markt von Kujawien und Pommern erfolgreich zu bew\u00e4ltigen. <strong>Umfassender Service von der Planung bis zur Entsorgung<\/strong> Das Ergebnis ist, dass der Kunde einen verantwortlichen Partner f\u00fcr den gesamten Abbruchprozess erh\u00e4lt - ohne mehrere Subunternehmer koordinieren zu m\u00fcssen.<\/p>\n\n\n\n<h2 class=\"wp-block-heading\"><strong>Wie kommen die Abrissarbeiten in Kujawsko-Pomorskie voran?<\/strong><\/h2>\n\n\n\n<p>Unser Abbruchverfahren ist so konzipiert, dass Sie die volle Kontrolle \u00fcber das Projekt haben und gleichzeitig den Papierkram und das Risiko auf Ihrer Seite minimieren. Ein transparentes Verfahren und st\u00e4ndiger Kontakt mit Ihrem Projektbetreuer garantieren eine reibungslose Durchf\u00fchrung vom ersten Kontakt bis zur Abnahme vor Ort.<\/p>\n\n\n\n<ol class=\"wp-block-list\">\n<li><strong>Konsultation und technische Analyse<\/strong> - Sie setzen sich mit uns in Verbindung, und unsere Ingenieure f\u00fchren eine erste Bewertung des Standorts und des Arbeitsumfangs durch, beantworten Ihre Fragen und ermitteln die wichtigsten Planungsprobleme.<\/li>\n\n\n\n<li><strong>Entwicklung eines Abbruchprojekts<\/strong> - Wir erstellen eine detaillierte technische Dokumentation, einen Sicherheitsplan und einen auf Ihre betrieblichen Anforderungen zugeschnittenen Arbeitsplan.<\/li>\n\n\n\n<li><strong>Einholung der erforderlichen Genehmigungen<\/strong> - Wir k\u00fcmmern uns um die administrativen und rechtlichen Formalit\u00e4ten, so dass Sie keine eigenen Ressourcen f\u00fcr beh\u00f6rdliche Verfahren aufwenden m\u00fcssen.<\/li>\n\n\n\n<li><strong>Durchf\u00fchrung von Abrissarbeiten<\/strong> - Wir f\u00fchren den kontrollierten Abbruch oder die Demontage gem\u00e4\u00df der genehmigten Planung, unter st\u00e4ndiger technischer \u00dcberwachung und unter Einhaltung aller Gesundheits- und Sicherheitsstandards durch.<\/li>\n\n\n\n<li><strong>Abfallwirtschaft und Standortvorbereitung<\/strong> - Wir entsorgen das Abbruchmaterial umweltgerecht und \u00fcbergeben Ihnen die Baustelle f\u00fcr die n\u00e4chste Phase Ihres Projekts.<\/li>\n<\/ol>\n\n\n\n<h2 class=\"wp-block-heading\"><strong>Beginnen Sie Ihr Abbruchprojekt in Kujawsko-Pomorskie noch heute<\/strong><\/h2>\n\n\n\n<p><strong>Sie sind auf der Suche nach einem zuverl\u00e4ssigen Abbruchpartner in der Region Kujawien-Pommern?<\/strong> Kontaktieren Sie uns jetzt f\u00fcr eine technische Beratung. Unsere Ingenieure sind bereit, die Besonderheiten Ihres Projekts zu besprechen und die optimale L\u00f6sung vorzuschlagen - sicher, pr\u00e4zise und umfassend. Z\u00f6gern Sie Ihre Entscheidung nicht hinaus, <strong>Nehmen Sie Kontakt mit uns auf!<\/strong><\/p>\n\n\n\n<div class=\"cta-box\">\n  <div class=\"cta-inner\">\n\n    <div class=\"cta-title\">\n      Ben\u00f6tigen Sie ein Angebot oder eine Beratung?\n    <\/div>\n\n    <div class=\"cta-desc\">\n      Nehmen Sie Kontakt mit uns auf - wir antworten schnell und konkret.\n    <\/div>\n\n    <div class=\"cta-buttons\">\n      <a href=\"tel:665215655\" class=\"cta-btn cta-btn-phone\">\n        \ud83d\udcde Anrufen: 665 215 655\n      <\/a>\n\n      <a href=\"mailto:biuro@hope-construction.com\" class=\"cta-btn cta-btn-mail\">\n        \u2709\ufe0f E-Mail schreiben\n      <\/a>\n    <\/div>\n\n  <\/div>\n<\/div>","protected":false},"excerpt":{"rendered":"<p>Profesjonalne prace wyburzeniowe realizowane z in\u017cynieryjn\u0105 precyzj\u0105 i pe\u0142nym bezpiecze\u0144stwem. Nasze wyburzenia kujawsko pomorskie to gwarancja najwy\u017cszej jako\u015bci us\u0142ug i kompleksowego podej\u015bcia do ka\u017cdego projektu rozbi\u00f3rkowego w regionie. Kompleksowe rozwi\u0105zania&hellip;<\/p>","protected":false},"author":3,"featured_media":0,"parent":19457,"menu_order":0,"comment_status":"closed","ping_status":"closed","template":"","meta":{"footnotes":""},"class_list":["post-22155","page","type-page","status-publish","hentry"],"yoast_head":"<!-- This site is optimized with the Yoast SEO plugin v26.8 - https:\/\/yoast.com\/product\/yoast-seo-wordpress\/ -->\n<title>Wyburzenia Kujawsko-Pomorskie | Profesjonalne Rozwi\u0105zania Na Terenie Polski i Europy - Hope Group<\/title>\n<meta name=\"description\" content=\"Hope Group \u27a4 Wyburzenia Kujawsko-Pomorskie \u2b50 Bezpiecznie, wykonywane przez do\u015bwiadczonych specjalist\u00f3w \u2714\ufe0f Sprawd\u017a nasz\u0105 ofert\u0119 i uzyskaj wycen\u0119 ju\u017c dzi\u015b!\" \/>\n<meta name=\"robots\" content=\"index, follow, max-snippet:-1, max-image-preview:large, max-video-preview:-1\" \/>\n<link rel=\"canonical\" href=\"https:\/\/hope-construction.com\/de\/dienstleistungen\/abrisse-kujawsko-pomorskie\/\" \/>\n<meta property=\"og:locale\" content=\"de_DE\" \/>\n<meta property=\"og:type\" content=\"article\" \/>\n<meta property=\"og:title\" content=\"Wyburzenia Kujawsko-Pomorskie | Profesjonalne Rozwi\u0105zania Na Terenie Polski i Europy - Hope Group\" \/>\n<meta property=\"og:description\" content=\"Hope Group \u27a4 Wyburzenia Kujawsko-Pomorskie \u2b50 Bezpiecznie, wykonywane przez do\u015bwiadczonych specjalist\u00f3w \u2714\ufe0f Sprawd\u017a nasz\u0105 ofert\u0119 i uzyskaj wycen\u0119 ju\u017c dzi\u015b!\" \/>\n<meta property=\"og:url\" content=\"https:\/\/hope-construction.com\/de\/dienstleistungen\/abrisse-kujawsko-pomorskie\/\" \/>\n<meta property=\"og:site_name\" content=\"Hope Group\" \/>\n<meta property=\"article:modified_time\" content=\"2026-03-27T07:59:16+00:00\" \/>\n<meta name=\"twitter:card\" content=\"summary_large_image\" \/>\n<meta name=\"twitter:label1\" content=\"Gesch\u00e4tzte Lesezeit\" \/>\n\t<meta name=\"twitter:data1\" content=\"7\u00a0Minuten\" \/>\n<script type=\"application\/ld+json\" class=\"yoast-schema-graph\">{\"@context\":\"https:\/\/schema.org\",\"@graph\":[{\"@type\":\"WebPage\",\"@id\":\"https:\/\/hope-construction.com\/uslugi\/wyburzenia-kujawsko-pomorskie\/\",\"url\":\"https:\/\/hope-construction.com\/uslugi\/wyburzenia-kujawsko-pomorskie\/\",\"name\":\"Wyburzenia Kujawsko-Pomorskie | Profesjonalne Rozwi\u0105zania Na Terenie Polski i Europy - Hope Group\",\"isPartOf\":{\"@id\":\"https:\/\/hope-construction.com\/#website\"},\"datePublished\":\"2026-03-27T07:26:44+00:00\",\"dateModified\":\"2026-03-27T07:59:16+00:00\",\"description\":\"Hope Group \u27a4 Wyburzenia Kujawsko-Pomorskie \u2b50 Bezpiecznie, wykonywane przez do\u015bwiadczonych specjalist\u00f3w \u2714\ufe0f Sprawd\u017a nasz\u0105 ofert\u0119 i uzyskaj wycen\u0119 ju\u017c dzi\u015b!\",\"breadcrumb\":{\"@id\":\"https:\/\/hope-construction.com\/uslugi\/wyburzenia-kujawsko-pomorskie\/#breadcrumb\"},\"inLanguage\":\"de\",\"potentialAction\":[{\"@type\":\"ReadAction\",\"target\":[\"https:\/\/hope-construction.com\/uslugi\/wyburzenia-kujawsko-pomorskie\/\"]}]},{\"@type\":\"BreadcrumbList\",\"@id\":\"https:\/\/hope-construction.com\/uslugi\/wyburzenia-kujawsko-pomorskie\/#breadcrumb\",\"itemListElement\":[{\"@type\":\"ListItem\",\"position\":1,\"name\":\"Strona g\u0142\u00f3wna\",\"item\":\"https:\/\/hope-construction.com\/\"},{\"@type\":\"ListItem\",\"position\":2,\"name\":\"Us\u0142ugi\",\"item\":\"https:\/\/hope-construction.com\/uslugi\/\"},{\"@type\":\"ListItem\",\"position\":3,\"name\":\"Wyburzenia Kujawsko-Pomorskie\"}]},{\"@type\":\"WebSite\",\"@id\":\"https:\/\/hope-construction.com\/#website\",\"url\":\"https:\/\/hope-construction.com\/\",\"name\":\"Hope Group\",\"description\":\"Rozbi\u00f3rka i renowacja komin\u00f3w przemys\u0142owych oraz piec\u00f3w hutniczych.\",\"publisher\":{\"@id\":\"https:\/\/hope-construction.com\/#organization\"},\"alternateName\":\"Hope Construction\",\"potentialAction\":[{\"@type\":\"SearchAction\",\"target\":{\"@type\":\"EntryPoint\",\"urlTemplate\":\"https:\/\/hope-construction.com\/?s={search_term_string}\"},\"query-input\":{\"@type\":\"PropertyValueSpecification\",\"valueRequired\":true,\"valueName\":\"search_term_string\"}}],\"inLanguage\":\"de\"},{\"@type\":\"Organization\",\"@id\":\"https:\/\/hope-construction.com\/#organization\",\"name\":\"Hope Group\",\"alternateName\":\"Hope Construction\",\"url\":\"https:\/\/hope-construction.com\/\",\"logo\":{\"@type\":\"ImageObject\",\"inLanguage\":\"de\",\"@id\":\"https:\/\/hope-construction.com\/#\/schema\/logo\/image\/\",\"url\":\"https:\/\/hope-construction.com\/wp-content\/uploads\/2025\/11\/hope-group.png\",\"contentUrl\":\"https:\/\/hope-construction.com\/wp-content\/uploads\/2025\/11\/hope-group.png\",\"width\":500,\"height\":260,\"caption\":\"Hope Group\"},\"image\":{\"@id\":\"https:\/\/hope-construction.com\/#\/schema\/logo\/image\/\"}}]}<\/script>\n<!-- \/ Yoast SEO plugin. -->","yoast_head_json":{"title":"Abbruch Kujawsko-Pomorskie | Professionelle L\u00f6sungen in Polen und Europa - Hope Group","description":"Hope Group \u27a4 Kujawien-Pommern Abbrucharbeiten \u2b50 Sicher, von erfahrenen Fachleuten durchgef\u00fchrt \u2714\ufe0f Informieren Sie sich \u00fcber unser Angebot und holen Sie sich noch heute ein Angebot ein!","robots":{"index":"index","follow":"follow","max-snippet":"max-snippet:-1","max-image-preview":"max-image-preview:large","max-video-preview":"max-video-preview:-1"},"canonical":"https:\/\/hope-construction.com\/de\/dienstleistungen\/abrisse-kujawsko-pomorskie\/","og_locale":"de_DE","og_type":"article","og_title":"Wyburzenia Kujawsko-Pomorskie | Profesjonalne Rozwi\u0105zania Na Terenie Polski i Europy - Hope Group","og_description":"Hope Group \u27a4 Wyburzenia Kujawsko-Pomorskie \u2b50 Bezpiecznie, wykonywane przez do\u015bwiadczonych specjalist\u00f3w \u2714\ufe0f Sprawd\u017a nasz\u0105 ofert\u0119 i uzyskaj wycen\u0119 ju\u017c dzi\u015b!","og_url":"https:\/\/hope-construction.com\/de\/dienstleistungen\/abrisse-kujawsko-pomorskie\/","og_site_name":"Hope Group","article_modified_time":"2026-03-27T07:59:16+00:00","twitter_card":"summary_large_image","twitter_misc":{"Gesch\u00e4tzte Lesezeit":"7\u00a0Minuten"},"schema":{"@context":"https:\/\/schema.org","@graph":[{"@type":"WebPage","@id":"https:\/\/hope-construction.com\/uslugi\/wyburzenia-kujawsko-pomorskie\/","url":"https:\/\/hope-construction.com\/uslugi\/wyburzenia-kujawsko-pomorskie\/","name":"Abbruch Kujawsko-Pomorskie | Professionelle L\u00f6sungen in Polen und Europa - Hope Group","isPartOf":{"@id":"https:\/\/hope-construction.com\/#website"},"datePublished":"2026-03-27T07:26:44+00:00","dateModified":"2026-03-27T07:59:16+00:00","description":"Hope Group \u27a4 Kujawien-Pommern Abbrucharbeiten \u2b50 Sicher, von erfahrenen Fachleuten durchgef\u00fchrt \u2714\ufe0f Informieren Sie sich \u00fcber unser Angebot und holen Sie sich noch heute ein Angebot ein!","breadcrumb":{"@id":"https:\/\/hope-construction.com\/uslugi\/wyburzenia-kujawsko-pomorskie\/#breadcrumb"},"inLanguage":"de","potentialAction":[{"@type":"ReadAction","target":["https:\/\/hope-construction.com\/uslugi\/wyburzenia-kujawsko-pomorskie\/"]}]},{"@type":"BreadcrumbList","@id":"https:\/\/hope-construction.com\/uslugi\/wyburzenia-kujawsko-pomorskie\/#breadcrumb","itemListElement":[{"@type":"ListItem","position":1,"name":"Strona g\u0142\u00f3wna","item":"https:\/\/hope-construction.com\/"},{"@type":"ListItem","position":2,"name":"Us\u0142ugi","item":"https:\/\/hope-construction.com\/uslugi\/"},{"@type":"ListItem","position":3,"name":"Wyburzenia Kujawsko-Pomorskie"}]},{"@type":"WebSite","@id":"https:\/\/hope-construction.com\/#website","url":"https:\/\/hope-construction.com\/","name":"Gruppe Hoffnung","description":"Abriss und Renovierung von Industrieschornsteinen und Hoch\u00f6fen.","publisher":{"@id":"https:\/\/hope-construction.com\/#organization"},"alternateName":"Hope Construction","potentialAction":[{"@type":"SearchAction","target":{"@type":"EntryPoint","urlTemplate":"https:\/\/hope-construction.com\/?s={search_term_string}"},"query-input":{"@type":"PropertyValueSpecification","valueRequired":true,"valueName":"search_term_string"}}],"inLanguage":"de"},{"@type":"Organization","@id":"https:\/\/hope-construction.com\/#organization","name":"Gruppe Hoffnung","alternateName":"Hope Construction","url":"https:\/\/hope-construction.com\/","logo":{"@type":"ImageObject","inLanguage":"de","@id":"https:\/\/hope-construction.com\/#\/schema\/logo\/image\/","url":"https:\/\/hope-construction.com\/wp-content\/uploads\/2025\/11\/hope-group.png","contentUrl":"https:\/\/hope-construction.com\/wp-content\/uploads\/2025\/11\/hope-group.png","width":500,"height":260,"caption":"Hope Group"},"image":{"@id":"https:\/\/hope-construction.com\/#\/schema\/logo\/image\/"}}]}},"_links":{"self":[{"href":"https:\/\/hope-construction.com\/de\/wp-json\/wp\/v2\/pages\/22155","targetHints":{"allow":["GET"]}}],"collection":[{"href":"https:\/\/hope-construction.com\/de\/wp-json\/wp\/v2\/pages"}],"about":[{"href":"https:\/\/hope-construction.com\/de\/wp-json\/wp\/v2\/types\/page"}],"author":[{"embeddable":true,"href":"https:\/\/hope-construction.com\/de\/wp-json\/wp\/v2\/users\/3"}],"replies":[{"embeddable":true,"href":"https:\/\/hope-construction.com\/de\/wp-json\/wp\/v2\/comments?post=22155"}],"version-history":[{"count":2,"href":"https:\/\/hope-construction.com\/de\/wp-json\/wp\/v2\/pages\/22155\/revisions"}],"predecessor-version":[{"id":22184,"href":"https:\/\/hope-construction.com\/de\/wp-json\/wp\/v2\/pages\/22155\/revisions\/22184"}],"up":[{"embeddable":true,"href":"https:\/\/hope-construction.com\/de\/wp-json\/wp\/v2\/pages\/19457"}],"wp:attachment":[{"href":"https:\/\/hope-construction.com\/de\/wp-json\/wp\/v2\/media?parent=22155"}],"curies":[{"name":"wp","href":"https:\/\/api.w.org\/{rel}","templated":true}]}}