{"id":22218,"date":"2026-04-24T08:49:14","date_gmt":"2026-04-24T06:49:14","guid":{"rendered":"https:\/\/hope-construction.com\/?page_id=22218"},"modified":"2026-04-24T08:49:16","modified_gmt":"2026-04-24T06:49:16","slug":"demolice-slaskie","status":"publish","type":"page","link":"https:\/\/hope-construction.com\/cz\/demolice-slaskie\/","title":{"rendered":"Demolice Slezsko"},"content":{"rendered":"","protected":false},"excerpt":{"rendered":"","protected":false},"author":3,"featured_media":0,"parent":0,"menu_order":0,"comment_status":"closed","ping_status":"closed","template":"","meta":{"footnotes":""},"class_list":["post-22218","page","type-page","status-publish","hentry"],"yoast_head":"<!-- This site is optimized with the Yoast SEO plugin v26.8 - https:\/\/yoast.com\/product\/yoast-seo-wordpress\/ -->\n<title>Rozbi\u00f3rki \u015al\u0105skie | Us\u0142ugi i Prace Rozbi\u00f3rkowe \u015al\u0105sk | Profesjonalne Rozwi\u0105zania Na Terenie Polski i Europy - Hope Group<\/title>\n<meta name=\"description\" content=\"Hope Group \u27a4 Rozbi\u00f3rki \u015al\u0105skie \u2b50 Profesjonalne prace rozbi\u00f3rkowe na \u015al\u0105sku \u2714\ufe0f Do\u015bwiadczona firma rozbiorkowa \u2b50 Sprawd\u017a i skontaktuj si\u0119!\" \/>\n<meta name=\"robots\" content=\"index, follow, max-snippet:-1, max-image-preview:large, max-video-preview:-1\" \/>\n<link rel=\"canonical\" href=\"https:\/\/hope-construction.com\/cz\/demolice-slaskie\/\" \/>\n<meta property=\"og:locale\" content=\"cs_CZ\" \/>\n<meta property=\"og:type\" content=\"article\" \/>\n<meta property=\"og:title\" content=\"Rozbi\u00f3rki \u015al\u0105skie | Us\u0142ugi i Prace Rozbi\u00f3rkowe \u015al\u0105sk | Profesjonalne Rozwi\u0105zania Na Terenie Polski i Europy - Hope Group\" \/>\n<meta property=\"og:description\" content=\"Hope Group \u27a4 Rozbi\u00f3rki \u015al\u0105skie \u2b50 Profesjonalne prace rozbi\u00f3rkowe na \u015al\u0105sku \u2714\ufe0f Do\u015bwiadczona firma rozbiorkowa \u2b50 Sprawd\u017a i skontaktuj si\u0119!\" \/>\n<meta property=\"og:url\" content=\"https:\/\/hope-construction.com\/cz\/demolice-slaskie\/\" \/>\n<meta property=\"og:site_name\" content=\"Hope Group\" \/>\n<meta property=\"article:modified_time\" content=\"2026-04-24T06:49:16+00:00\" \/>\n<meta name=\"twitter:card\" content=\"summary_large_image\" \/>\n<script type=\"application\/ld+json\" class=\"yoast-schema-graph\">{\"@context\":\"https:\/\/schema.org\",\"@graph\":[{\"@type\":\"WebPage\",\"@id\":\"https:\/\/hope-construction.com\/rozbiorki-slaskie\/\",\"url\":\"https:\/\/hope-construction.com\/rozbiorki-slaskie\/\",\"name\":\"Rozbi\u00f3rki \u015al\u0105skie | Us\u0142ugi i Prace Rozbi\u00f3rkowe \u015al\u0105sk | Profesjonalne Rozwi\u0105zania Na Terenie Polski i Europy - Hope Group\",\"isPartOf\":{\"@id\":\"https:\/\/hope-construction.com\/#website\"},\"datePublished\":\"2026-04-24T06:49:14+00:00\",\"dateModified\":\"2026-04-24T06:49:16+00:00\",\"description\":\"Hope Group \u27a4 Rozbi\u00f3rki \u015al\u0105skie \u2b50 Profesjonalne prace rozbi\u00f3rkowe na \u015al\u0105sku \u2714\ufe0f Do\u015bwiadczona firma rozbiorkowa \u2b50 Sprawd\u017a i skontaktuj si\u0119!\",\"breadcrumb\":{\"@id\":\"https:\/\/hope-construction.com\/rozbiorki-slaskie\/#breadcrumb\"},\"inLanguage\":\"cs\",\"potentialAction\":[{\"@type\":\"ReadAction\",\"target\":[\"https:\/\/hope-construction.com\/rozbiorki-slaskie\/\"]}]},{\"@type\":\"BreadcrumbList\",\"@id\":\"https:\/\/hope-construction.com\/rozbiorki-slaskie\/#breadcrumb\",\"itemListElement\":[{\"@type\":\"ListItem\",\"position\":1,\"name\":\"Strona g\u0142\u00f3wna\",\"item\":\"https:\/\/hope-construction.com\/\"},{\"@type\":\"ListItem\",\"position\":2,\"name\":\"Rozbi\u00f3rki \u015al\u0105skie\"}]},{\"@type\":\"WebSite\",\"@id\":\"https:\/\/hope-construction.com\/#website\",\"url\":\"https:\/\/hope-construction.com\/\",\"name\":\"Hope Group\",\"description\":\"Rozbi\u00f3rka i renowacja komin\u00f3w przemys\u0142owych oraz piec\u00f3w hutniczych.\",\"publisher\":{\"@id\":\"https:\/\/hope-construction.com\/#organization\"},\"alternateName\":\"Hope Construction\",\"potentialAction\":[{\"@type\":\"SearchAction\",\"target\":{\"@type\":\"EntryPoint\",\"urlTemplate\":\"https:\/\/hope-construction.com\/?s={search_term_string}\"},\"query-input\":{\"@type\":\"PropertyValueSpecification\",\"valueRequired\":true,\"valueName\":\"search_term_string\"}}],\"inLanguage\":\"cs\"},{\"@type\":\"Organization\",\"@id\":\"https:\/\/hope-construction.com\/#organization\",\"name\":\"Hope Group\",\"alternateName\":\"Hope Construction\",\"url\":\"https:\/\/hope-construction.com\/\",\"logo\":{\"@type\":\"ImageObject\",\"inLanguage\":\"cs\",\"@id\":\"https:\/\/hope-construction.com\/#\/schema\/logo\/image\/\",\"url\":\"https:\/\/hope-construction.com\/wp-content\/uploads\/2025\/11\/hope-group.png\",\"contentUrl\":\"https:\/\/hope-construction.com\/wp-content\/uploads\/2025\/11\/hope-group.png\",\"width\":500,\"height\":260,\"caption\":\"Hope Group\"},\"image\":{\"@id\":\"https:\/\/hope-construction.com\/#\/schema\/logo\/image\/\"}}]}<\/script>\n<!-- \/ Yoast SEO plugin. -->","yoast_head_json":{"title":"Demolice Slezsko | Demoli\u010dn\u00ed pr\u00e1ce a slu\u017eby Slezsko | Profesion\u00e1ln\u00ed \u0159e\u0161en\u00ed v Polsku a Evrop\u011b - Hope Group","description":"Hope Group \u27a4 Demolice Slezsko \u2b50 Profesion\u00e1ln\u00ed demoli\u010dn\u00ed pr\u00e1ce ve Slezsku \u2714\ufe0f Zku\u0161en\u00e1 demoli\u010dn\u00ed firma \u2b50 Ov\u011b\u0159te si a kontaktujte n\u00e1s!","robots":{"index":"index","follow":"follow","max-snippet":"max-snippet:-1","max-image-preview":"max-image-preview:large","max-video-preview":"max-video-preview:-1"},"canonical":"https:\/\/hope-construction.com\/cz\/demolice-slaskie\/","og_locale":"cs_CZ","og_type":"article","og_title":"Rozbi\u00f3rki \u015al\u0105skie | Us\u0142ugi i Prace Rozbi\u00f3rkowe \u015al\u0105sk | Profesjonalne Rozwi\u0105zania Na Terenie Polski i Europy - Hope Group","og_description":"Hope Group \u27a4 Rozbi\u00f3rki \u015al\u0105skie \u2b50 Profesjonalne prace rozbi\u00f3rkowe na \u015al\u0105sku \u2714\ufe0f Do\u015bwiadczona firma rozbiorkowa \u2b50 Sprawd\u017a i skontaktuj si\u0119!","og_url":"https:\/\/hope-construction.com\/cz\/demolice-slaskie\/","og_site_name":"Hope Group","article_modified_time":"2026-04-24T06:49:16+00:00","twitter_card":"summary_large_image","schema":{"@context":"https:\/\/schema.org","@graph":[{"@type":"WebPage","@id":"https:\/\/hope-construction.com\/rozbiorki-slaskie\/","url":"https:\/\/hope-construction.com\/rozbiorki-slaskie\/","name":"Demolice Slezsko | Demoli\u010dn\u00ed pr\u00e1ce a slu\u017eby Slezsko | Profesion\u00e1ln\u00ed \u0159e\u0161en\u00ed v Polsku a Evrop\u011b - Hope Group","isPartOf":{"@id":"https:\/\/hope-construction.com\/#website"},"datePublished":"2026-04-24T06:49:14+00:00","dateModified":"2026-04-24T06:49:16+00:00","description":"Hope Group \u27a4 Demolice Slezsko \u2b50 Profesion\u00e1ln\u00ed demoli\u010dn\u00ed pr\u00e1ce ve Slezsku \u2714\ufe0f Zku\u0161en\u00e1 demoli\u010dn\u00ed firma \u2b50 Ov\u011b\u0159te si a kontaktujte n\u00e1s!","breadcrumb":{"@id":"https:\/\/hope-construction.com\/rozbiorki-slaskie\/#breadcrumb"},"inLanguage":"cs","potentialAction":[{"@type":"ReadAction","target":["https:\/\/hope-construction.com\/rozbiorki-slaskie\/"]}]},{"@type":"BreadcrumbList","@id":"https:\/\/hope-construction.com\/rozbiorki-slaskie\/#breadcrumb","itemListElement":[{"@type":"ListItem","position":1,"name":"Strona g\u0142\u00f3wna","item":"https:\/\/hope-construction.com\/"},{"@type":"ListItem","position":2,"name":"Rozbi\u00f3rki \u015al\u0105skie"}]},{"@type":"WebSite","@id":"https:\/\/hope-construction.com\/#website","url":"https:\/\/hope-construction.com\/","name":"Skupina Hope","description":"Demolice a renovace pr\u016fmyslov\u00fdch kom\u00edn\u016f a vysok\u00fdch pec\u00ed.","publisher":{"@id":"https:\/\/hope-construction.com\/#organization"},"alternateName":"Hope Construction","potentialAction":[{"@type":"SearchAction","target":{"@type":"EntryPoint","urlTemplate":"https:\/\/hope-construction.com\/?s={search_term_string}"},"query-input":{"@type":"PropertyValueSpecification","valueRequired":true,"valueName":"search_term_string"}}],"inLanguage":"cs"},{"@type":"Organization","@id":"https:\/\/hope-construction.com\/#organization","name":"Skupina Hope","alternateName":"Hope Construction","url":"https:\/\/hope-construction.com\/","logo":{"@type":"ImageObject","inLanguage":"cs","@id":"https:\/\/hope-construction.com\/#\/schema\/logo\/image\/","url":"https:\/\/hope-construction.com\/wp-content\/uploads\/2025\/11\/hope-group.png","contentUrl":"https:\/\/hope-construction.com\/wp-content\/uploads\/2025\/11\/hope-group.png","width":500,"height":260,"caption":"Hope Group"},"image":{"@id":"https:\/\/hope-construction.com\/#\/schema\/logo\/image\/"}}]}},"_links":{"self":[{"href":"https:\/\/hope-construction.com\/cz\/wp-json\/wp\/v2\/pages\/22218","targetHints":{"allow":["GET"]}}],"collection":[{"href":"https:\/\/hope-construction.com\/cz\/wp-json\/wp\/v2\/pages"}],"about":[{"href":"https:\/\/hope-construction.com\/cz\/wp-json\/wp\/v2\/types\/page"}],"author":[{"embeddable":true,"href":"https:\/\/hope-construction.com\/cz\/wp-json\/wp\/v2\/users\/3"}],"replies":[{"embeddable":true,"href":"https:\/\/hope-construction.com\/cz\/wp-json\/wp\/v2\/comments?post=22218"}],"version-history":[{"count":1,"href":"https:\/\/hope-construction.com\/cz\/wp-json\/wp\/v2\/pages\/22218\/revisions"}],"predecessor-version":[{"id":22219,"href":"https:\/\/hope-construction.com\/cz\/wp-json\/wp\/v2\/pages\/22218\/revisions\/22219"}],"wp:attachment":[{"href":"https:\/\/hope-construction.com\/cz\/wp-json\/wp\/v2\/media?parent=22218"}],"curies":[{"name":"wp","href":"https:\/\/api.w.org\/{rel}","templated":true}]}}